{"id":1138,"date":"2024-12-02T14:34:41","date_gmt":"2024-12-02T13:34:41","guid":{"rendered":"https:\/\/l38squat.noblogs.org\/?page_id=1138"},"modified":"2024-12-02T14:34:41","modified_gmt":"2024-12-02T13:34:41","slug":"benvenuto-a-nel-cuore-del-laurentino-38","status":"publish","type":"page","link":"https:\/\/l38squat.noblogs.org\/es\/benvenuto-a-nel-cuore-del-laurentino-38\/","title":{"rendered":"Bienvenid@s\u00a0al coraz\u00f3n de Laurentino38"},"content":{"rendered":"<div>\n<p>L38Squat se puso en cuclillas en 1991 y se convirti\u00f3 en un espacio liberado en un barrio popular, hasta suburbio al sur de Roma.<\/p>\n<div><span id=\"result_box\" lang=\"es\">El espacio se encuentra en las \u00e1reas: una es el \u00e1rea de la convivencia, los otros son zonas abiertas todos los d\u00edas, el centro de las actividades en forma y compartida por las personas, la mayor\u00eda adolescentes del barrio.<\/span><\/div>\n<div><\/div>\n<div><span id=\"result_box\" lang=\"es\">La \u00e9tica\u00a0<strong>DIY<\/strong>\u00a0es la b\u00e1sica de la vida aqu\u00ed.<br \/>\n\u00bb DIY significa \u00ab<strong>h\u00e1galo usted mismo<\/strong>\u00ab, en lugar de pagar a un profesional para que lo haga por ti.\u00bb<br \/>\ntal vez la forma m\u00e1s sencilla de encontrar soluciones para componer sonidos y efectos visuales y espacios, aprendiendo reparaci\u00f3n de bicicletas, el reciclaje \/ reparaci\u00f3n \/ modificaci\u00f3n, a partir de jardines, montaje y puesta en red, nuevas combinaciones de cocina, deportes jugando limpio, construcci\u00f3n&#8230;<\/span><\/div>\n<p>&nbsp;<\/p>\n<p><span class=\"Apple-style-span\"><a href=\"https:\/\/tmcrew.org\/laurentinokkupato\/foto\/index.htm\"><img loading=\"lazy\" decoding=\"async\" src=\"https:\/\/tmcrew.org\/laurentinokkupato\/stella_rn_spray.jpg\" alt=\"spray su cemento - L38 Squat 2005\" width=\"500\" height=\"375\" border=\"1\" hspace=\"1\" vspace=\"1\" \/><\/a><\/span><\/p>\n<p>&nbsp;<\/p>\n<p><span id=\"result_box\" lang=\"es\"><span class=\"hps\">Bienvenid@<\/span>\u00a0<span class=\"hps\">en el coraz\u00f3n de<\/span>\u00a0<span class=\"hps\">Laurentino<\/span>\u00a0<span class=\"hps\">38<\/span>,\u00a0<span class=\"hps\">un barrio de<\/span>\u00a0<span class=\"hps\">viviendas p\u00fablicas<\/span>\u00a0<span class=\"hps\">construidas<\/span>\u00a0<span class=\"hps\">en<\/span>\u00a0<span class=\"hps\">1980\/1981<\/span><\/span><\/p>\n<p>&nbsp;<\/p>\n<p><a href=\"https:\/\/tmcrew.org\/csa\/l38\/img\/album\/torri_e_cielo_luglio7-98.jpg\"><img loading=\"lazy\" decoding=\"async\" src=\"https:\/\/tmcrew.org\/laurentinokkupato\/torri_e_cielo_luglio7-98.jpg\" alt=\"torri_e_cielo_luglio7-98\" width=\"150\" height=\"115\" align=\"left\" border=\"0\" hspace=\"5\" vspace=\"5\" \/><\/a><\/p>\n<p><strong>E<\/strong>n el sito del Laurentinokkupato \/ L38 Squat se intenta recoger 25 a\u00f1os de historia, todavi\u00eda en curso, contra informaci\u00f3n, Acci\u00f3n directa e vida vivida de un colectivo de personas, que estando bien entre ellos, en continuo crecimiento, transformaci\u00f3n, evoluci\u00f3n, cambiamiento, estremamente ligado y enraizado a este lugar, que en los a\u00f1os ha pensado con su propia cabeza sin nunca dar por descontadas campa\u00f1as, mobilizaciones, coordinamientos, etc.<\/p>\n<p><strong>P<\/strong>or esto muchas veces nos encontramos en una posici\u00f3n inc\u00f3moda, no nos gustan ciertas uniones contra, ni la \u00abunidad de nuestras exiguas fuerzas\u00bb, pensamos globalmente y nuestras fuerzas son toda otra cosa que exiguas. Ninguna pretensi\u00f3n de entender m\u00e1s, pero s\u00ed la pretensi\u00f3n de exprimir lo que somos, sentimos y queremos, ninguna ficci\u00f3n, ning\u00fan compromiso. Por nuestra parte ning\u00fan l\u00edder, ninguna jerarqu\u00eda (expl\u00edcita o no), y es obbio que hay una atenci\u00f3n cuotidiana para no caer en los mecanismos de McWorld que nos bombardea desde todas las partes y sin tregua.<\/p>\n<p><strong>E<\/strong>n el sito est\u00e1 ordenadamente dispuesto todo aquello que ca\u00f3ticamente hemos producido en estos a\u00f1os. Quien puede, esto es, quien vive o pasa por Roma est\u00e1 calurosamente invitado\/a no solo a visitar el sito, sino tambi\u00e9n a venir a la periferia extrema en\u00a0<a href=\"https:\/\/tmcrew.org\/l38squat\/index.php\/es\/l38squat\/175-l38-squat\/2047-como-llegar\">Via Giuliotti, 8<\/a>\u00a0y pasar por el Laurentinokkupado, para ver qu\u00e9 es posible construir sin comprometerse con el estado y los patrones.<\/p>\n<\/div>\n","protected":false},"excerpt":{"rendered":"<p>L38Squat se puso en cuclillas en 1991 y se convirti\u00f3 en un espacio liberado en un barrio popular, hasta suburbio al sur de Roma. El espacio se encuentra en las \u00e1reas: una es el \u00e1rea de la convivencia, los otros son zonas abiertas todos los d\u00edas, el centro de las actividades en forma y compartida &hellip; <a href=\"https:\/\/l38squat.noblogs.org\/es\/benvenuto-a-nel-cuore-del-laurentino-38\/\" class=\"more-link\">Continuar leyendo<span class=\"screen-reader-text\"> \u00abBienvenid@s\u00a0al coraz\u00f3n de Laurentino38\u00bb<\/span><\/a><\/p>\n","protected":false},"author":14720,"featured_media":14,"parent":0,"menu_order":0,"comment_status":"closed","ping_status":"closed","template":"","meta":{"_locale":"es_ES","_original_post":"http:\/\/l38squat.noblogs.org\/?page_id=6","footnotes":""},"class_list":["post-1138","page","type-page","status-publish","has-post-thumbnail","hentry","es-ES"],"_links":{"self":[{"href":"https:\/\/l38squat.noblogs.org\/wp-json\/wp\/v2\/pages\/1138","targetHints":{"allow":["GET"]}}],"collection":[{"href":"https:\/\/l38squat.noblogs.org\/wp-json\/wp\/v2\/pages"}],"about":[{"href":"https:\/\/l38squat.noblogs.org\/wp-json\/wp\/v2\/types\/page"}],"author":[{"embeddable":true,"href":"https:\/\/l38squat.noblogs.org\/wp-json\/wp\/v2\/users\/14720"}],"replies":[{"embeddable":true,"href":"https:\/\/l38squat.noblogs.org\/wp-json\/wp\/v2\/comments?post=1138"}],"version-history":[{"count":1,"href":"https:\/\/l38squat.noblogs.org\/wp-json\/wp\/v2\/pages\/1138\/revisions"}],"predecessor-version":[{"id":1139,"href":"https:\/\/l38squat.noblogs.org\/wp-json\/wp\/v2\/pages\/1138\/revisions\/1139"}],"wp:featuredmedia":[{"embeddable":true,"href":"https:\/\/l38squat.noblogs.org\/wp-json\/wp\/v2\/media\/14"}],"wp:attachment":[{"href":"https:\/\/l38squat.noblogs.org\/wp-json\/wp\/v2\/media?parent=1138"}],"curies":[{"name":"wp","href":"https:\/\/api.w.org\/{rel}","templated":true}]}}